{"id":8967,"date":"2024-10-21T15:23:46","date_gmt":"2024-10-21T13:23:46","guid":{"rendered":"https:\/\/pfstile.it\/prodotto\/pouf-rock\/"},"modified":"2025-03-25T14:59:05","modified_gmt":"2025-03-25T13:59:05","slug":"pouf-rock","status":"publish","type":"product","link":"https:\/\/pfstile.it\/fr\/produit\/pouf-rock\/","title":{"rendered":"Pouf Rock"},"content":{"rendered":"<p>Pouf en forme de c\u00f4ne tronqu\u00e9 hexagonal enti\u00e8rement en poly\u00e9thyl\u00e8ne, mat\u00e9riau non toxique, recyclable \u00e0 100% et r\u00e9sistant \u00e0 l\u2019eau, \u00e0 la chaleur et au soleil et donc adapt\u00e9 \u00e0 une utilisation en ext\u00e9rieur.<\/p>\n","protected":false},"excerpt":{"rendered":"<p>Pouf en forme de c\u00f4ne tronqu\u00e9 hexagonal enti\u00e8rement en poly\u00e9thyl\u00e8ne, [&hellip;]<\/p>\n","protected":false},"featured_media":6509,"template":"","meta":[],"product_brand":[],"product_cat":[60,4799,61,4464,98,549],"product_tag":[3833],"class_list":{"0":"post-8967","1":"product","2":"type-product","3":"status-publish","4":"has-post-thumbnail","6":"product_cat-hospitality","7":"product_cat-ligne-blade-runner","8":"product_cat-outdoor","9":"product_cat-polyethylene","10":"product_cat-pouf","11":"product_cat-pouf-rock","12":"product_tag-ligne-blade-runner","14":"first","15":"instock","16":"product-type-simple"},"yoast_head":"<!-- This site is optimized with the Yoast SEO plugin v24.5 - https:\/\/yoast.com\/wordpress\/plugins\/seo\/ -->\n<title>Pouf Rock - PF Stile<\/title>\n<meta name=\"robots\" content=\"index, follow, max-snippet:-1, max-image-preview:large, max-video-preview:-1\" \/>\n<link rel=\"canonical\" href=\"https:\/\/pfstile.it\/fr\/produit\/pouf-rock\/\" \/>\n<meta property=\"og:locale\" content=\"fr_FR\" \/>\n<meta property=\"og:type\" content=\"article\" \/>\n<meta property=\"og:title\" content=\"Pouf Rock - PF Stile\" \/>\n<meta property=\"og:description\" content=\"Pouf en forme de c\u00f4ne tronqu\u00e9 hexagonal enti\u00e8rement en poly\u00e9thyl\u00e8ne, [&hellip;]\" \/>\n<meta property=\"og:url\" content=\"https:\/\/pfstile.it\/fr\/produit\/pouf-rock\/\" \/>\n<meta property=\"og:site_name\" content=\"PF Stile\" \/>\n<meta property=\"article:publisher\" content=\"https:\/\/www.facebook.com\/PFSTILE\" \/>\n<meta property=\"article:modified_time\" content=\"2025-03-25T13:59:05+00:00\" \/>\n<meta property=\"og:image\" content=\"https:\/\/pfstile.it\/wp-content\/uploads\/2024\/02\/Pouf-Rock-cappuccino.jpg\" \/>\n\t<meta property=\"og:image:width\" content=\"800\" \/>\n\t<meta property=\"og:image:height\" content=\"800\" \/>\n\t<meta property=\"og:image:type\" content=\"image\/jpeg\" \/>\n<meta name=\"twitter:card\" content=\"summary_large_image\" \/>\n<script type=\"application\/ld+json\" class=\"yoast-schema-graph\">{\"@context\":\"https:\/\/schema.org\",\"@graph\":[{\"@type\":\"WebPage\",\"@id\":\"https:\/\/pfstile.it\/fr\/produit\/pouf-rock\/\",\"url\":\"https:\/\/pfstile.it\/fr\/produit\/pouf-rock\/\",\"name\":\"Pouf Rock - PF Stile\",\"isPartOf\":{\"@id\":\"https:\/\/pfstile.it\/fr\/#website\"},\"primaryImageOfPage\":{\"@id\":\"https:\/\/pfstile.it\/fr\/produit\/pouf-rock\/#primaryimage\"},\"image\":{\"@id\":\"https:\/\/pfstile.it\/fr\/produit\/pouf-rock\/#primaryimage\"},\"thumbnailUrl\":\"https:\/\/pfstile.it\/wp-content\/uploads\/2024\/02\/Pouf-Rock-cappuccino.jpg\",\"datePublished\":\"2024-10-21T13:23:46+00:00\",\"dateModified\":\"2025-03-25T13:59:05+00:00\",\"breadcrumb\":{\"@id\":\"https:\/\/pfstile.it\/fr\/produit\/pouf-rock\/#breadcrumb\"},\"inLanguage\":\"fr-FR\",\"potentialAction\":[{\"@type\":\"ReadAction\",\"target\":[\"https:\/\/pfstile.it\/fr\/produit\/pouf-rock\/\"]}]},{\"@type\":\"ImageObject\",\"inLanguage\":\"fr-FR\",\"@id\":\"https:\/\/pfstile.it\/fr\/produit\/pouf-rock\/#primaryimage\",\"url\":\"https:\/\/pfstile.it\/wp-content\/uploads\/2024\/02\/Pouf-Rock-cappuccino.jpg\",\"contentUrl\":\"https:\/\/pfstile.it\/wp-content\/uploads\/2024\/02\/Pouf-Rock-cappuccino.jpg\",\"width\":800,\"height\":800},{\"@type\":\"BreadcrumbList\",\"@id\":\"https:\/\/pfstile.it\/fr\/produit\/pouf-rock\/#breadcrumb\",\"itemListElement\":[{\"@type\":\"ListItem\",\"position\":1,\"name\":\"Home\",\"item\":\"https:\/\/pfstile.it\/fr\/\"},{\"@type\":\"ListItem\",\"position\":2,\"name\":\"Produits\",\"item\":\"https:\/\/pfstile.it\/fr\/nos-produits\/\"},{\"@type\":\"ListItem\",\"position\":3,\"name\":\"Pouf Rock\"}]},{\"@type\":\"WebSite\",\"@id\":\"https:\/\/pfstile.it\/fr\/#website\",\"url\":\"https:\/\/pfstile.it\/fr\/\",\"name\":\"PF Stile\",\"description\":\"\",\"publisher\":{\"@id\":\"https:\/\/pfstile.it\/fr\/#organization\"},\"potentialAction\":[{\"@type\":\"SearchAction\",\"target\":{\"@type\":\"EntryPoint\",\"urlTemplate\":\"https:\/\/pfstile.it\/fr\/?s={search_term_string}\"},\"query-input\":{\"@type\":\"PropertyValueSpecification\",\"valueRequired\":true,\"valueName\":\"search_term_string\"}}],\"inLanguage\":\"fr-FR\"},{\"@type\":\"Organization\",\"@id\":\"https:\/\/pfstile.it\/fr\/#organization\",\"name\":\"PF Stile\",\"url\":\"https:\/\/pfstile.it\/fr\/\",\"logo\":{\"@type\":\"ImageObject\",\"inLanguage\":\"fr-FR\",\"@id\":\"https:\/\/pfstile.it\/fr\/#\/schema\/logo\/image\/\",\"url\":\"https:\/\/pfstile.it\/wp-content\/uploads\/2024\/02\/Logo-PF-Stile-nero.svg\",\"contentUrl\":\"https:\/\/pfstile.it\/wp-content\/uploads\/2024\/02\/Logo-PF-Stile-nero.svg\",\"width\":280,\"height\":80,\"caption\":\"PF Stile\"},\"image\":{\"@id\":\"https:\/\/pfstile.it\/fr\/#\/schema\/logo\/image\/\"},\"sameAs\":[\"https:\/\/www.facebook.com\/PFSTILE\",\"https:\/\/www.instagram.com\/pfstile_\/\",\"https:\/\/www.linkedin.com\/company\/pf-stile-srl\/\",\"https:\/\/it.pinterest.com\/pfstile\/\"]}]}<\/script>\n<!-- \/ Yoast SEO plugin. -->","yoast_head_json":{"title":"Pouf Rock - PF Stile","robots":{"index":"index","follow":"follow","max-snippet":"max-snippet:-1","max-image-preview":"max-image-preview:large","max-video-preview":"max-video-preview:-1"},"canonical":"https:\/\/pfstile.it\/fr\/produit\/pouf-rock\/","og_locale":"fr_FR","og_type":"article","og_title":"Pouf Rock - PF Stile","og_description":"Pouf en forme de c\u00f4ne tronqu\u00e9 hexagonal enti\u00e8rement en poly\u00e9thyl\u00e8ne, [&hellip;]","og_url":"https:\/\/pfstile.it\/fr\/produit\/pouf-rock\/","og_site_name":"PF Stile","article_publisher":"https:\/\/www.facebook.com\/PFSTILE","article_modified_time":"2025-03-25T13:59:05+00:00","og_image":[{"width":800,"height":800,"url":"https:\/\/pfstile.it\/wp-content\/uploads\/2024\/02\/Pouf-Rock-cappuccino.jpg","type":"image\/jpeg"}],"twitter_card":"summary_large_image","schema":{"@context":"https:\/\/schema.org","@graph":[{"@type":"WebPage","@id":"https:\/\/pfstile.it\/fr\/produit\/pouf-rock\/","url":"https:\/\/pfstile.it\/fr\/produit\/pouf-rock\/","name":"Pouf Rock - PF Stile","isPartOf":{"@id":"https:\/\/pfstile.it\/fr\/#website"},"primaryImageOfPage":{"@id":"https:\/\/pfstile.it\/fr\/produit\/pouf-rock\/#primaryimage"},"image":{"@id":"https:\/\/pfstile.it\/fr\/produit\/pouf-rock\/#primaryimage"},"thumbnailUrl":"https:\/\/pfstile.it\/wp-content\/uploads\/2024\/02\/Pouf-Rock-cappuccino.jpg","datePublished":"2024-10-21T13:23:46+00:00","dateModified":"2025-03-25T13:59:05+00:00","breadcrumb":{"@id":"https:\/\/pfstile.it\/fr\/produit\/pouf-rock\/#breadcrumb"},"inLanguage":"fr-FR","potentialAction":[{"@type":"ReadAction","target":["https:\/\/pfstile.it\/fr\/produit\/pouf-rock\/"]}]},{"@type":"ImageObject","inLanguage":"fr-FR","@id":"https:\/\/pfstile.it\/fr\/produit\/pouf-rock\/#primaryimage","url":"https:\/\/pfstile.it\/wp-content\/uploads\/2024\/02\/Pouf-Rock-cappuccino.jpg","contentUrl":"https:\/\/pfstile.it\/wp-content\/uploads\/2024\/02\/Pouf-Rock-cappuccino.jpg","width":800,"height":800},{"@type":"BreadcrumbList","@id":"https:\/\/pfstile.it\/fr\/produit\/pouf-rock\/#breadcrumb","itemListElement":[{"@type":"ListItem","position":1,"name":"Home","item":"https:\/\/pfstile.it\/fr\/"},{"@type":"ListItem","position":2,"name":"Produits","item":"https:\/\/pfstile.it\/fr\/nos-produits\/"},{"@type":"ListItem","position":3,"name":"Pouf Rock"}]},{"@type":"WebSite","@id":"https:\/\/pfstile.it\/fr\/#website","url":"https:\/\/pfstile.it\/fr\/","name":"PF Stile","description":"","publisher":{"@id":"https:\/\/pfstile.it\/fr\/#organization"},"potentialAction":[{"@type":"SearchAction","target":{"@type":"EntryPoint","urlTemplate":"https:\/\/pfstile.it\/fr\/?s={search_term_string}"},"query-input":{"@type":"PropertyValueSpecification","valueRequired":true,"valueName":"search_term_string"}}],"inLanguage":"fr-FR"},{"@type":"Organization","@id":"https:\/\/pfstile.it\/fr\/#organization","name":"PF Stile","url":"https:\/\/pfstile.it\/fr\/","logo":{"@type":"ImageObject","inLanguage":"fr-FR","@id":"https:\/\/pfstile.it\/fr\/#\/schema\/logo\/image\/","url":"https:\/\/pfstile.it\/wp-content\/uploads\/2024\/02\/Logo-PF-Stile-nero.svg","contentUrl":"https:\/\/pfstile.it\/wp-content\/uploads\/2024\/02\/Logo-PF-Stile-nero.svg","width":280,"height":80,"caption":"PF Stile"},"image":{"@id":"https:\/\/pfstile.it\/fr\/#\/schema\/logo\/image\/"},"sameAs":["https:\/\/www.facebook.com\/PFSTILE","https:\/\/www.instagram.com\/pfstile_\/","https:\/\/www.linkedin.com\/company\/pf-stile-srl\/","https:\/\/it.pinterest.com\/pfstile\/"]}]}},"_links":{"self":[{"href":"https:\/\/pfstile.it\/fr\/wp-json\/wp\/v2\/product\/8967","targetHints":{"allow":["GET"]}}],"collection":[{"href":"https:\/\/pfstile.it\/fr\/wp-json\/wp\/v2\/product"}],"about":[{"href":"https:\/\/pfstile.it\/fr\/wp-json\/wp\/v2\/types\/product"}],"wp:featuredmedia":[{"embeddable":true,"href":"https:\/\/pfstile.it\/fr\/wp-json\/wp\/v2\/media\/6509"}],"wp:attachment":[{"href":"https:\/\/pfstile.it\/fr\/wp-json\/wp\/v2\/media?parent=8967"}],"wp:term":[{"taxonomy":"product_brand","embeddable":true,"href":"https:\/\/pfstile.it\/fr\/wp-json\/wp\/v2\/product_brand?post=8967"},{"taxonomy":"product_cat","embeddable":true,"href":"https:\/\/pfstile.it\/fr\/wp-json\/wp\/v2\/product_cat?post=8967"},{"taxonomy":"product_tag","embeddable":true,"href":"https:\/\/pfstile.it\/fr\/wp-json\/wp\/v2\/product_tag?post=8967"}],"curies":[{"name":"wp","href":"https:\/\/api.w.org\/{rel}","templated":true}]}}