{"id":8971,"date":"2024-10-21T15:23:46","date_gmt":"2024-10-21T13:23:46","guid":{"rendered":"https:\/\/pfstile.it\/prodotto\/panca-puzzle\/"},"modified":"2026-03-02T13:35:47","modified_gmt":"2026-03-02T12:35:47","slug":"banco-puzzle","status":"publish","type":"product","link":"https:\/\/pfstile.it\/es\/producto\/banco-puzzle\/","title":{"rendered":"Banco Puzzle"},"content":{"rendered":"<p>Blade Runner Puzzle es un banco ideado para el exterior, con un dise\u00f1o modular de l\u00edneas geom\u00e9tricas. Los bancos se pueden conectar entre s\u00ed a trav\u00e9s de ganchos dentados que permiten crear combinaciones aptas para cualquier exigencia.<\/p>\n","protected":false},"excerpt":{"rendered":"<p>Blade Runner Puzzle es un banco ideado para el exterior, [&hellip;]<\/p>\n","protected":false},"featured_media":6519,"template":"","meta":[],"product_brand":[],"product_cat":[5238,4683,4679,5462,5370,4653,4681],"product_tag":[],"class_list":{"0":"post-8971","1":"product","2":"type-product","3":"status-publish","4":"has-post-thumbnail","6":"product_cat-hospitality-es","7":"product_cat-banco-puzzle","8":"product_cat-coleccion-blade-runner","9":"product_cat-exterior","10":"product_cat-hpl-es","11":"product_cat-polietileno","12":"product_cat-puf","14":"first","15":"instock","16":"product-type-simple"},"yoast_head":"<!-- This site is optimized with the Yoast SEO plugin v24.5 - https:\/\/yoast.com\/wordpress\/plugins\/seo\/ -->\n<title>Banco Puzzle - PF Stile<\/title>\n<meta name=\"robots\" content=\"index, follow, max-snippet:-1, max-image-preview:large, max-video-preview:-1\" \/>\n<link rel=\"canonical\" href=\"https:\/\/pfstile.it\/es\/producto\/banco-puzzle\/\" \/>\n<meta property=\"og:locale\" content=\"es_ES\" \/>\n<meta property=\"og:type\" content=\"article\" \/>\n<meta property=\"og:title\" content=\"Banco Puzzle - PF Stile\" \/>\n<meta property=\"og:description\" content=\"Blade Runner Puzzle es un banco ideado para el exterior, [&hellip;]\" \/>\n<meta property=\"og:url\" content=\"https:\/\/pfstile.it\/es\/producto\/banco-puzzle\/\" \/>\n<meta property=\"og:site_name\" content=\"PF Stile\" \/>\n<meta property=\"article:publisher\" content=\"https:\/\/www.facebook.com\/PFSTILE\" \/>\n<meta property=\"article:modified_time\" content=\"2026-03-02T12:35:47+00:00\" \/>\n<meta property=\"og:image\" content=\"https:\/\/pfstile.it\/wp-content\/uploads\/2024\/02\/Panca-Puzzle.jpg\" \/>\n\t<meta property=\"og:image:width\" content=\"800\" \/>\n\t<meta property=\"og:image:height\" content=\"800\" \/>\n\t<meta property=\"og:image:type\" content=\"image\/jpeg\" \/>\n<meta name=\"twitter:card\" content=\"summary_large_image\" \/>\n<meta name=\"twitter:label1\" content=\"Tiempo de lectura\" \/>\n\t<meta name=\"twitter:data1\" content=\"1 minuto\" \/>\n<script type=\"application\/ld+json\" class=\"yoast-schema-graph\">{\"@context\":\"https:\/\/schema.org\",\"@graph\":[{\"@type\":\"WebPage\",\"@id\":\"https:\/\/pfstile.it\/es\/producto\/banco-puzzle\/\",\"url\":\"https:\/\/pfstile.it\/es\/producto\/banco-puzzle\/\",\"name\":\"Banco Puzzle - PF Stile\",\"isPartOf\":{\"@id\":\"https:\/\/pfstile.it\/es\/#website\"},\"primaryImageOfPage\":{\"@id\":\"https:\/\/pfstile.it\/es\/producto\/banco-puzzle\/#primaryimage\"},\"image\":{\"@id\":\"https:\/\/pfstile.it\/es\/producto\/banco-puzzle\/#primaryimage\"},\"thumbnailUrl\":\"https:\/\/pfstile.it\/wp-content\/uploads\/2024\/02\/Panca-Puzzle.jpg\",\"datePublished\":\"2024-10-21T13:23:46+00:00\",\"dateModified\":\"2026-03-02T12:35:47+00:00\",\"breadcrumb\":{\"@id\":\"https:\/\/pfstile.it\/es\/producto\/banco-puzzle\/#breadcrumb\"},\"inLanguage\":\"es\",\"potentialAction\":[{\"@type\":\"ReadAction\",\"target\":[\"https:\/\/pfstile.it\/es\/producto\/banco-puzzle\/\"]}]},{\"@type\":\"ImageObject\",\"inLanguage\":\"es\",\"@id\":\"https:\/\/pfstile.it\/es\/producto\/banco-puzzle\/#primaryimage\",\"url\":\"https:\/\/pfstile.it\/wp-content\/uploads\/2024\/02\/Panca-Puzzle.jpg\",\"contentUrl\":\"https:\/\/pfstile.it\/wp-content\/uploads\/2024\/02\/Panca-Puzzle.jpg\",\"width\":800,\"height\":800},{\"@type\":\"BreadcrumbList\",\"@id\":\"https:\/\/pfstile.it\/es\/producto\/banco-puzzle\/#breadcrumb\",\"itemListElement\":[{\"@type\":\"ListItem\",\"position\":1,\"name\":\"Home\",\"item\":\"https:\/\/pfstile.it\/es\/\"},{\"@type\":\"ListItem\",\"position\":2,\"name\":\"Productos\",\"item\":\"https:\/\/pfstile.it\/es\/nuestros-productos\/\"},{\"@type\":\"ListItem\",\"position\":3,\"name\":\"Banco Puzzle\"}]},{\"@type\":\"WebSite\",\"@id\":\"https:\/\/pfstile.it\/es\/#website\",\"url\":\"https:\/\/pfstile.it\/es\/\",\"name\":\"PF Stile\",\"description\":\"\",\"publisher\":{\"@id\":\"https:\/\/pfstile.it\/es\/#organization\"},\"potentialAction\":[{\"@type\":\"SearchAction\",\"target\":{\"@type\":\"EntryPoint\",\"urlTemplate\":\"https:\/\/pfstile.it\/es\/?s={search_term_string}\"},\"query-input\":{\"@type\":\"PropertyValueSpecification\",\"valueRequired\":true,\"valueName\":\"search_term_string\"}}],\"inLanguage\":\"es\"},{\"@type\":\"Organization\",\"@id\":\"https:\/\/pfstile.it\/es\/#organization\",\"name\":\"PF Stile\",\"url\":\"https:\/\/pfstile.it\/es\/\",\"logo\":{\"@type\":\"ImageObject\",\"inLanguage\":\"es\",\"@id\":\"https:\/\/pfstile.it\/es\/#\/schema\/logo\/image\/\",\"url\":\"https:\/\/pfstile.it\/wp-content\/uploads\/2024\/02\/Logo-PF-Stile-nero.svg\",\"contentUrl\":\"https:\/\/pfstile.it\/wp-content\/uploads\/2024\/02\/Logo-PF-Stile-nero.svg\",\"width\":280,\"height\":80,\"caption\":\"PF Stile\"},\"image\":{\"@id\":\"https:\/\/pfstile.it\/es\/#\/schema\/logo\/image\/\"},\"sameAs\":[\"https:\/\/www.facebook.com\/PFSTILE\",\"https:\/\/www.instagram.com\/pfstile_\/\",\"https:\/\/www.linkedin.com\/company\/pf-stile-srl\/\",\"https:\/\/it.pinterest.com\/pfstile\/\"]}]}<\/script>\n<!-- \/ Yoast SEO plugin. -->","yoast_head_json":{"title":"Banco Puzzle - PF Stile","robots":{"index":"index","follow":"follow","max-snippet":"max-snippet:-1","max-image-preview":"max-image-preview:large","max-video-preview":"max-video-preview:-1"},"canonical":"https:\/\/pfstile.it\/es\/producto\/banco-puzzle\/","og_locale":"es_ES","og_type":"article","og_title":"Banco Puzzle - PF Stile","og_description":"Blade Runner Puzzle es un banco ideado para el exterior, [&hellip;]","og_url":"https:\/\/pfstile.it\/es\/producto\/banco-puzzle\/","og_site_name":"PF Stile","article_publisher":"https:\/\/www.facebook.com\/PFSTILE","article_modified_time":"2026-03-02T12:35:47+00:00","og_image":[{"width":800,"height":800,"url":"https:\/\/pfstile.it\/wp-content\/uploads\/2024\/02\/Panca-Puzzle.jpg","type":"image\/jpeg"}],"twitter_card":"summary_large_image","twitter_misc":{"Tiempo de lectura":"1 minuto"},"schema":{"@context":"https:\/\/schema.org","@graph":[{"@type":"WebPage","@id":"https:\/\/pfstile.it\/es\/producto\/banco-puzzle\/","url":"https:\/\/pfstile.it\/es\/producto\/banco-puzzle\/","name":"Banco Puzzle - PF Stile","isPartOf":{"@id":"https:\/\/pfstile.it\/es\/#website"},"primaryImageOfPage":{"@id":"https:\/\/pfstile.it\/es\/producto\/banco-puzzle\/#primaryimage"},"image":{"@id":"https:\/\/pfstile.it\/es\/producto\/banco-puzzle\/#primaryimage"},"thumbnailUrl":"https:\/\/pfstile.it\/wp-content\/uploads\/2024\/02\/Panca-Puzzle.jpg","datePublished":"2024-10-21T13:23:46+00:00","dateModified":"2026-03-02T12:35:47+00:00","breadcrumb":{"@id":"https:\/\/pfstile.it\/es\/producto\/banco-puzzle\/#breadcrumb"},"inLanguage":"es","potentialAction":[{"@type":"ReadAction","target":["https:\/\/pfstile.it\/es\/producto\/banco-puzzle\/"]}]},{"@type":"ImageObject","inLanguage":"es","@id":"https:\/\/pfstile.it\/es\/producto\/banco-puzzle\/#primaryimage","url":"https:\/\/pfstile.it\/wp-content\/uploads\/2024\/02\/Panca-Puzzle.jpg","contentUrl":"https:\/\/pfstile.it\/wp-content\/uploads\/2024\/02\/Panca-Puzzle.jpg","width":800,"height":800},{"@type":"BreadcrumbList","@id":"https:\/\/pfstile.it\/es\/producto\/banco-puzzle\/#breadcrumb","itemListElement":[{"@type":"ListItem","position":1,"name":"Home","item":"https:\/\/pfstile.it\/es\/"},{"@type":"ListItem","position":2,"name":"Productos","item":"https:\/\/pfstile.it\/es\/nuestros-productos\/"},{"@type":"ListItem","position":3,"name":"Banco Puzzle"}]},{"@type":"WebSite","@id":"https:\/\/pfstile.it\/es\/#website","url":"https:\/\/pfstile.it\/es\/","name":"PF Stile","description":"","publisher":{"@id":"https:\/\/pfstile.it\/es\/#organization"},"potentialAction":[{"@type":"SearchAction","target":{"@type":"EntryPoint","urlTemplate":"https:\/\/pfstile.it\/es\/?s={search_term_string}"},"query-input":{"@type":"PropertyValueSpecification","valueRequired":true,"valueName":"search_term_string"}}],"inLanguage":"es"},{"@type":"Organization","@id":"https:\/\/pfstile.it\/es\/#organization","name":"PF Stile","url":"https:\/\/pfstile.it\/es\/","logo":{"@type":"ImageObject","inLanguage":"es","@id":"https:\/\/pfstile.it\/es\/#\/schema\/logo\/image\/","url":"https:\/\/pfstile.it\/wp-content\/uploads\/2024\/02\/Logo-PF-Stile-nero.svg","contentUrl":"https:\/\/pfstile.it\/wp-content\/uploads\/2024\/02\/Logo-PF-Stile-nero.svg","width":280,"height":80,"caption":"PF Stile"},"image":{"@id":"https:\/\/pfstile.it\/es\/#\/schema\/logo\/image\/"},"sameAs":["https:\/\/www.facebook.com\/PFSTILE","https:\/\/www.instagram.com\/pfstile_\/","https:\/\/www.linkedin.com\/company\/pf-stile-srl\/","https:\/\/it.pinterest.com\/pfstile\/"]}]}},"_links":{"self":[{"href":"https:\/\/pfstile.it\/es\/wp-json\/wp\/v2\/product\/8971","targetHints":{"allow":["GET"]}}],"collection":[{"href":"https:\/\/pfstile.it\/es\/wp-json\/wp\/v2\/product"}],"about":[{"href":"https:\/\/pfstile.it\/es\/wp-json\/wp\/v2\/types\/product"}],"wp:featuredmedia":[{"embeddable":true,"href":"https:\/\/pfstile.it\/es\/wp-json\/wp\/v2\/media\/6519"}],"wp:attachment":[{"href":"https:\/\/pfstile.it\/es\/wp-json\/wp\/v2\/media?parent=8971"}],"wp:term":[{"taxonomy":"product_brand","embeddable":true,"href":"https:\/\/pfstile.it\/es\/wp-json\/wp\/v2\/product_brand?post=8971"},{"taxonomy":"product_cat","embeddable":true,"href":"https:\/\/pfstile.it\/es\/wp-json\/wp\/v2\/product_cat?post=8971"},{"taxonomy":"product_tag","embeddable":true,"href":"https:\/\/pfstile.it\/es\/wp-json\/wp\/v2\/product_tag?post=8971"}],"curies":[{"name":"wp","href":"https:\/\/api.w.org\/{rel}","templated":true}]}}