{"id":11582,"date":"2025-05-08T22:13:51","date_gmt":"2025-05-08T20:13:51","guid":{"rendered":"https:\/\/pfstile.it\/noticias-y-eventos\/"},"modified":"2025-11-19T22:42:30","modified_gmt":"2025-11-19T21:42:30","slug":"noticias-y-eventos","status":"publish","type":"page","link":"https:\/\/pfstile.it\/es\/noticias-y-eventos\/","title":{"rendered":"Noticias y Eventos"},"content":{"rendered":"<p><div class=\"fusion-fullwidth fullwidth-box fusion-builder-row-1 fusion-flex-container has-pattern-background has-mask-background nonhundred-percent-fullwidth non-hundred-percent-height-scrolling\" style=\"--awb-border-radius-top-left:0px;--awb-border-radius-top-right:0px;--awb-border-radius-bottom-right:0px;--awb-border-radius-bottom-left:0px;--awb-padding-top:0px;--awb-padding-right:0px;--awb-padding-left:0px;--awb-flex-wrap:wrap;\" ><div class=\"fusion-builder-row fusion-row fusion-flex-align-items-flex-start fusion-flex-content-wrap\" style=\"max-width:1430px;margin-left: calc(-4% \/ 2 );margin-right: calc(-4% \/ 2 );\"><div class=\"fusion-layout-column fusion_builder_column fusion-builder-column-0 fusion_builder_column_1_1 1_1 fusion-flex-column\" style=\"--awb-bg-size:cover;--awb-width-large:100%;--awb-margin-top-large:0px;--awb-spacing-right-large:1.92%;--awb-margin-bottom-large:0%;--awb-spacing-left-large:1.92%;--awb-width-medium:100%;--awb-order-medium:0;--awb-spacing-right-medium:1.92%;--awb-spacing-left-medium:1.92%;--awb-width-small:100%;--awb-order-small:0;--awb-spacing-right-small:1.92%;--awb-spacing-left-small:1.92%;\"><div class=\"fusion-column-wrapper fusion-column-has-shadow fusion-flex-justify-content-flex-start fusion-content-layout-column\"><div class=\"fusion-title title fusion-title-1 fusion-sep-none fusion-title-center fusion-title-text fusion-title-size-one\" style=\"--awb-text-color:var(--awb-color8);--awb-margin-bottom:1%;--awb-font-size:45px;\"><h1 class=\"fusion-title-heading title-heading-center fusion-responsive-typography-calculated\" style=\"margin:0;font-size:1em;--fontSize:45;line-height:var(--awb-typography1-line-height);\"><h1 style=\"text-align: center;\">Noticias y Eventos<\/h1><\/h1><\/div><div class=\"fusion-text fusion-text-1\"><p style=\"text-align: center; font-size: 18px;\">En esta secci\u00f3n encontrar\u00e1s una selecci\u00f3n de art\u00edculos dedicados al mundo del dise\u00f1o y el mobiliario contract. Desde el estilo industrial hasta soluciones elegantes para lounge bar, pasando por las tendencias en decoraci\u00f3n de restaurantes y la elecci\u00f3n de mesas y sillas, cada contenido est\u00e1 pensado para ofrecer ideas, inspiraci\u00f3n y consejos \u00fatiles a quienes desean dise\u00f1ar espacios contempor\u00e1neos y funcionales. Los art\u00edculos de PF Stile nacen de nuestra experiencia en el sector contract y relatan materiales, procesos e innovaciones que hacen \u00fanico cada proyecto.<\/p>\n<\/div><\/div><\/div><\/div><\/div><div class=\"fusion-fullwidth fullwidth-box fusion-builder-row-2 fusion-flex-container has-pattern-background has-mask-background nonhundred-percent-fullwidth non-hundred-percent-height-scrolling\" style=\"--awb-border-radius-top-left:0px;--awb-border-radius-top-right:0px;--awb-border-radius-bottom-right:0px;--awb-border-radius-bottom-left:0px;--awb-padding-top:0%;--awb-padding-bottom:0%;--awb-margin-top:0px;--awb-flex-wrap:wrap;\" ><div class=\"fusion-builder-row fusion-row fusion-flex-align-items-flex-start fusion-flex-content-wrap\" style=\"max-width:1430px;margin-left: calc(-4% \/ 2 );margin-right: calc(-4% \/ 2 );\"><div class=\"fusion-layout-column fusion_builder_column fusion-builder-column-1 fusion_builder_column_1_1 1_1 fusion-flex-column\" style=\"--awb-bg-size:cover;--awb-width-large:100%;--awb-margin-top-large:0px;--awb-spacing-right-large:1.92%;--awb-margin-bottom-large:0%;--awb-spacing-left-large:1.92%;--awb-width-medium:100%;--awb-order-medium:0;--awb-spacing-right-medium:1.92%;--awb-spacing-left-medium:1.92%;--awb-width-small:100%;--awb-order-small:0;--awb-spacing-right-small:1.92%;--awb-spacing-left-small:1.92%;\"><div class=\"fusion-column-wrapper fusion-column-has-shadow fusion-flex-justify-content-flex-start fusion-content-layout-column\"><div class=\"fusion-blog-shortcode fusion-blog-shortcode-1 fusion-blog-archive fusion-blog-layout-grid-wrapper fusion-blog-no fusion-blog-layout-center\" style=\"margin-top:60px;margin-bottom:60px;--awb-title-font-size:18px;--awb-title-line-height:1.3;--awb-title-letter-spacing:0px;--awb-title-text-transform:none;\"><style type=\"text\/css\">.fusion-blog-shortcode-1 .fusion-blog-layout-grid .fusion-post-grid{padding:20px;}.fusion-blog-shortcode-1 .fusion-posts-container{margin-left: -20px !important; margin-right:-20px !important;}<\/style><div class=\"fusion-posts-container fusion-posts-container-no fusion-no-meta-info fusion-blog-rollover fusion-blog-layout-grid fusion-blog-layout-grid-3 isotope\" data-pages=\"0\" data-grid-col-space=\"40\" style=\"margin: -20px -20px 0;min-height:500px;\"><article id=\"blog-1-post-13091\" class=\"fusion-post-grid post-13091 post type-post status-publish format-standard has-post-thumbnail hentry category-noticias-de-pf\">\n<div class=\"fusion-post-wrapper\" style=\"background-color:rgba(255,255,255,1);border:1px solid #000000;border-bottom-width:3px;\">\r\n\r\n\t\t\t<div class=\"fusion-flexslider flexslider fusion-flexslider-loading fusion-post-slideshow\" style=\"border-color:#000000;\">\r\n\t\t<ul class=\"slides\">\r\n\t\t\t\r\n\t\t\t\t\t\t\t\t\t\t\t\t\t\t<li><div  class=\"fusion-image-wrapper\" aria-haspopup=\"true\">\r\n\t\t\t\t<img decoding=\"async\" width=\"1000\" height=\"480\" src=\"https:\/\/pfstile.it\/wp-content\/uploads\/2025\/12\/tavolo-hope-pf-stile-design-industriale.jpg\" class=\"attachment-full size-full wp-post-image\" alt=\"Tavolo Hope PF Stile in metallo dal design industriale minimal\" \/><div class=\"fusion-rollover\">\r\n\t<div class=\"fusion-rollover-content\">\r\n\r\n\t\t\t\t\r\n\t\t\r\n\t\t\t\t\t\t\t\t\r\n\t\t\t\t\t\t\t\t\r\n\t\t\r\n\t\t\t\t\t\t<a class=\"fusion-link-wrapper\" href=\"https:\/\/pfstile.it\/es\/mesas-de-metal-de-diseno-industrial\/\" aria-label=\"Mesas de metal de dise\u00f1o industrial\"><\/a>\r\n\t<\/div>\r\n<\/div>\r\n<\/div>\r\n<\/li>\r\n\t\t\t\r\n\t\t\t\r\n\t\t\t\t\t\t\t\t\t\t\t\t\t\t\t\t\t\t\t\t\t\t\t\t\t\t\t\t\t\t\t\t\t\t\t\t\t\t\t\t\t\t\t\t\t\t\t\t\t\t\t\t\t\t\t\t\t\t\t\t\t\t\t\t\t\t\t\t<\/ul>\r\n\t<\/div>\r\n\t<div class=\"fusion-post-content-wrapper\" style=\"padding:20 25px 20 25px;\"><div class=\"fusion-post-content post-content\"><h3 class=\"blog-shortcode-post-title entry-title\"><a href=\"https:\/\/pfstile.it\/es\/mesas-de-metal-de-diseno-industrial\/\">Mesas de metal de dise\u00f1o industrial<\/a><\/h3><\/div><\/div><div class=\"fusion-clearfix\"><\/div><\/div>\n<\/article>\n<article id=\"blog-1-post-12901\" class=\"fusion-post-grid post-12901 post type-post status-publish format-standard has-post-thumbnail hentry category-noticias-de-pf\">\n<div class=\"fusion-post-wrapper\" style=\"background-color:rgba(255,255,255,1);border:1px solid #000000;border-bottom-width:3px;\">\r\n\r\n\t\t\t<div class=\"fusion-flexslider flexslider fusion-flexslider-loading fusion-post-slideshow\" style=\"border-color:#000000;\">\r\n\t\t<ul class=\"slides\">\r\n\t\t\t\r\n\t\t\t\t\t\t\t\t\t\t\t\t\t\t<li><div  class=\"fusion-image-wrapper\" aria-haspopup=\"true\">\r\n\t\t\t\t<img decoding=\"async\" width=\"1000\" height=\"480\" src=\"https:\/\/pfstile.it\/wp-content\/uploads\/2025\/11\/sedia-on-the-road-bar-ristorante-pf-stile.jpg\" class=\"attachment-full size-full wp-post-image\" alt=\"Sedia On The Road di PF Stile per bar e ristoranti, design moderno e resistente\" srcset=\"https:\/\/pfstile.it\/wp-content\/uploads\/2025\/11\/sedia-on-the-road-bar-ristorante-pf-stile-200x96.jpg 200w, https:\/\/pfstile.it\/wp-content\/uploads\/2025\/11\/sedia-on-the-road-bar-ristorante-pf-stile-400x192.jpg 400w, https:\/\/pfstile.it\/wp-content\/uploads\/2025\/11\/sedia-on-the-road-bar-ristorante-pf-stile-600x288.jpg 600w, https:\/\/pfstile.it\/wp-content\/uploads\/2025\/11\/sedia-on-the-road-bar-ristorante-pf-stile-800x384.jpg 800w, https:\/\/pfstile.it\/wp-content\/uploads\/2025\/11\/sedia-on-the-road-bar-ristorante-pf-stile.jpg 1000w\" sizes=\"(min-width: 2200px) 100vw, (min-width: 784px) 432px, (min-width: 712px) 648px, (min-width: 640px) 712px, \" \/><div class=\"fusion-rollover\">\r\n\t<div class=\"fusion-rollover-content\">\r\n\r\n\t\t\t\t\r\n\t\t\r\n\t\t\t\t\t\t\t\t\r\n\t\t\t\t\t\t\t\t\r\n\t\t\r\n\t\t\t\t\t\t<a class=\"fusion-link-wrapper\" href=\"https:\/\/pfstile.it\/es\/sillas-modernas-para-bares-y-restaurantes-diseno-sostenible\/\" aria-label=\"Sillas modernas para bares y restaurantes: dise\u00f1o sostenible\"><\/a>\r\n\t<\/div>\r\n<\/div>\r\n<\/div>\r\n<\/li>\r\n\t\t\t\r\n\t\t\t\r\n\t\t\t\t\t\t\t\t\t\t\t\t\t\t\t\t\t\t\t\t\t\t\t\t\t\t\t\t\t\t\t\t\t\t\t\t\t\t\t\t\t\t\t\t\t\t\t\t\t\t\t\t\t\t\t\t\t\t\t\t\t\t\t\t\t\t\t\t<\/ul>\r\n\t<\/div>\r\n\t<div class=\"fusion-post-content-wrapper\" style=\"padding:20 25px 20 25px;\"><div class=\"fusion-post-content post-content\"><h3 class=\"blog-shortcode-post-title entry-title\"><a href=\"https:\/\/pfstile.it\/es\/sillas-modernas-para-bares-y-restaurantes-diseno-sostenible\/\">Sillas modernas para bares y restaurantes: dise\u00f1o sostenible<\/a><\/h3><\/div><\/div><div class=\"fusion-clearfix\"><\/div><\/div>\n<\/article>\n<article id=\"blog-1-post-12746\" class=\"fusion-post-grid post-12746 post type-post status-publish format-standard has-post-thumbnail hentry category-noticias-de-pf\">\n<div class=\"fusion-post-wrapper\" style=\"background-color:rgba(255,255,255,1);border:1px solid #000000;border-bottom-width:3px;\">\r\n\r\n\t\t\t<div class=\"fusion-flexslider flexslider fusion-flexslider-loading fusion-post-slideshow\" style=\"border-color:#000000;\">\r\n\t\t<ul class=\"slides\">\r\n\t\t\t\r\n\t\t\t\t\t\t\t\t\t\t\t\t\t\t<li><div  class=\"fusion-image-wrapper\" aria-haspopup=\"true\">\r\n\t\t\t\t<img decoding=\"async\" width=\"1000\" height=\"480\" src=\"https:\/\/pfstile.it\/wp-content\/uploads\/2025\/11\/sedia-metallo-colori-ral-personalizzabile.jpg\" class=\"attachment-full size-full wp-post-image\" alt=\"Sedia in metallo con finiture personalizzabili e palette RAL, modello V12 di PF Stile\" srcset=\"https:\/\/pfstile.it\/wp-content\/uploads\/2025\/11\/sedia-metallo-colori-ral-personalizzabile-200x96.jpg 200w, https:\/\/pfstile.it\/wp-content\/uploads\/2025\/11\/sedia-metallo-colori-ral-personalizzabile-400x192.jpg 400w, https:\/\/pfstile.it\/wp-content\/uploads\/2025\/11\/sedia-metallo-colori-ral-personalizzabile-600x288.jpg 600w, https:\/\/pfstile.it\/wp-content\/uploads\/2025\/11\/sedia-metallo-colori-ral-personalizzabile-800x384.jpg 800w, https:\/\/pfstile.it\/wp-content\/uploads\/2025\/11\/sedia-metallo-colori-ral-personalizzabile.jpg 1000w\" sizes=\"(min-width: 2200px) 100vw, (min-width: 784px) 432px, (min-width: 712px) 648px, (min-width: 640px) 712px, \" \/><div class=\"fusion-rollover\">\r\n\t<div class=\"fusion-rollover-content\">\r\n\r\n\t\t\t\t\r\n\t\t\r\n\t\t\t\t\t\t\t\t\r\n\t\t\t\t\t\t\t\t\r\n\t\t\r\n\t\t\t\t\t\t<a class=\"fusion-link-wrapper\" href=\"https:\/\/pfstile.it\/es\/silla-de-metal-con-diseno-industrial-la-v12-de-pf-stile\/\" aria-label=\"Silla de metal con dise\u00f1o industrial: la V12 de PF Stile\"><\/a>\r\n\t<\/div>\r\n<\/div>\r\n<\/div>\r\n<\/li>\r\n\t\t\t\r\n\t\t\t\r\n\t\t\t\t\t\t\t\t\t\t\t\t\t\t\t\t\t\t\t\t\t\t\t\t\t\t\t\t\t\t\t\t\t\t\t\t\t\t\t\t\t\t\t\t\t\t\t\t\t\t\t\t\t\t\t\t\t\t\t\t\t\t\t\t\t\t\t\t<\/ul>\r\n\t<\/div>\r\n\t<div class=\"fusion-post-content-wrapper\" style=\"padding:20 25px 20 25px;\"><div class=\"fusion-post-content post-content\"><h3 class=\"blog-shortcode-post-title entry-title\"><a href=\"https:\/\/pfstile.it\/es\/silla-de-metal-con-diseno-industrial-la-v12-de-pf-stile\/\">Silla de metal con dise\u00f1o industrial: la V12 de PF Stile<\/a><\/h3><\/div><\/div><div class=\"fusion-clearfix\"><\/div><\/div>\n<\/article>\n<div class=\"fusion-clearfix\"><\/div><\/div><\/div><\/div><\/div><\/div><\/div><div class=\"fusion-fullwidth fullwidth-box fusion-builder-row-3 fusion-flex-container has-pattern-background has-mask-background nonhundred-percent-fullwidth non-hundred-percent-height-scrolling\" style=\"--awb-border-radius-top-left:16px;--awb-border-radius-top-right:16px;--awb-border-radius-bottom-right:16px;--awb-border-radius-bottom-left:16px;--awb-overflow:hidden;--awb-padding-top:0px;--awb-padding-right:40px;--awb-padding-bottom:0px;--awb-padding-left:40px;--awb-margin-top:0px;--awb-margin-bottom:60px;--awb-background-color:#e8e8e8;--awb-flex-wrap:wrap;\" ><div class=\"fusion-builder-row fusion-row fusion-flex-align-items-flex-start fusion-flex-content-wrap\" style=\"max-width:1430px;margin-left: calc(-4% \/ 2 );margin-right: calc(-4% \/ 2 );\"><div class=\"fusion-layout-column fusion_builder_column fusion-builder-column-2 fusion_builder_column_1_1 1_1 fusion-flex-column\" style=\"--awb-padding-top:50px;--awb-padding-bottom:50px;--awb-bg-size:cover;--awb-width-large:100%;--awb-margin-top-large:0px;--awb-spacing-right-large:1.92%;--awb-margin-bottom-large:0%;--awb-spacing-left-large:1.92%;--awb-width-medium:100%;--awb-order-medium:0;--awb-spacing-right-medium:1.92%;--awb-spacing-left-medium:1.92%;--awb-width-small:100%;--awb-order-small:0;--awb-spacing-right-small:1.92%;--awb-spacing-left-small:1.92%;\"><div class=\"fusion-column-wrapper fusion-column-has-shadow fusion-flex-justify-content-flex-start fusion-content-layout-column\"><div class=\"fusion-text fusion-text-2\"><h2 style=\"text-align: center;\">Mantente al d\u00eda con PF Stile<\/h2>\n<p style=\"text-align: center; font-size: 18px;\">Suscr\u00edbete a nuestra newsletter para recibir inspiraci\u00f3n, novedades y proyectos del mundo del mobiliario contract.<\/p>\n<\/div>\n<div class=\"wpcf7 no-js\" id=\"wpcf7-f11838-o1\" lang=\"es-ES\" dir=\"ltr\" data-wpcf7-id=\"11838\">\n<div class=\"screen-reader-response\"><p role=\"status\" aria-live=\"polite\" aria-atomic=\"true\"><\/p> <ul><\/ul><\/div>\n<form action=\"\/es\/wp-json\/wp\/v2\/pages\/11582#wpcf7-f11838-o1\" method=\"post\" class=\"wpcf7-form init\" aria-label=\"Formulario de contacto\" novalidate=\"novalidate\" data-status=\"init\">\n<div style=\"display: none;\">\n<input type=\"hidden\" name=\"_wpcf7\" value=\"11838\" \/>\n<input type=\"hidden\" name=\"_wpcf7_version\" value=\"6.0.5\" \/>\n<input type=\"hidden\" name=\"_wpcf7_locale\" value=\"es_ES\" \/>\n<input type=\"hidden\" name=\"_wpcf7_unit_tag\" value=\"wpcf7-f11838-o1\" \/>\n<input type=\"hidden\" name=\"_wpcf7_container_post\" value=\"0\" \/>\n<input type=\"hidden\" name=\"_wpcf7_posted_data_hash\" value=\"\" \/>\n<\/div>\n\t\t\t\t<style>\n\t\t\t\t\t.uacf7-uacf7style-11838 label {\n\t\t\t\t\t\tfont-style: normal;font-weight: 500;margin-bottom: 10px;\t\t\t\t\t}\n\n\t\t\t\t\t.uacf7-uacf7style-11838 input[type=\"email\"],\n\t\t\t\t\t.uacf7-uacf7style-11838 input[type=\"number\"],\n\t\t\t\t\t.uacf7-uacf7style-11838 input[type=\"password\"],\n\t\t\t\t\t.uacf7-uacf7style-11838 input[type=\"search\"],\n\t\t\t\t\t.uacf7-uacf7style-11838 input[type=\"tel\"],\n\t\t\t\t\t.uacf7-uacf7style-11838 input[type=\"text\"],\n\t\t\t\t\t.uacf7-uacf7style-11838 input[type=\"url\"],\n\t\t\t\t\t.uacf7-uacf7style-11838 input[type=\"date\"],\n\t\t\t\t\t.uacf7-uacf7style-11838 select,\n\t\t\t\t\t.uacf7-uacf7style-11838 textarea {\n\t\t\t\t\t\tfont-style: normal;font-weight: normal;border-style: solid;\t\t\t\t\t}\n\n\t\t\t\t\t.uacf7-uacf7style-11838 .wpcf7-radio span,\n\t\t\t\t\t.uacf7-uacf7style-11838 .wpcf7-checkbox span {\n\t\t\t\t\t\tfont-style: normal;font-weight: normal;\t\t\t\t\t}\n\n\t\t\t\t\t.uacf7-uacf7style-11838 textarea {\n\t\t\t\t\t\t\t\t\t\t\t}\n\n\t\t\t\t\t.wpcf7-form-control-wrap select {\n\t\t\t\t\t\twidth: 100%;\n\t\t\t\t\t}\n\n\t\t\t\t\t.uacf7-uacf7style-11838 input[type=\"submit\"] {\n\t\t\t\t\t\tfont-style: normal;font-weight: normal;border-width: 1px;border-color: #c90c0f;border-style: solid;margin-top: 5px;\t\t\t\t\t}\n\n\t\t\t\t\t.uacf7-uacf7style-11838 input[type=\"submit\"]:hover {\n\t\t\t\t\t\tbackground-color: #c90c0f;border-color: #c90c0f;\t\t\t\t\t}\n\n\t\t\t\t\t\t\t\t\t<\/style>\n\n\t\t\t\t<div class=\"uacf7-uacf7style uacf7-uacf7style-11838\"><div class=\"uacf7-form-11838  uacf7-uacf7style uacf7-uacf7style-11838\"><div class=\"uacf7-row\">\n  <div class=\"uacf7-col-6\">\n    <label>* Nombre y Apellido<br>\n      <span class=\"wpcf7-form-control-wrap\" data-name=\"nomecognome\"><input size=\"40\" maxlength=\"400\" class=\"wpcf7-form-control wpcf7-text wpcf7-validates-as-required\" aria-required=\"true\" aria-invalid=\"false\" value=\"\" type=\"text\" name=\"nomecognome\" \/><\/span>\n    <\/label>\n  <\/div>\n  <div class=\"uacf7-col-6\">\n    <label>* Empresa<br>\n      <span class=\"wpcf7-form-control-wrap\" data-name=\"azienda\"><input size=\"40\" maxlength=\"400\" class=\"wpcf7-form-control wpcf7-text wpcf7-validates-as-required\" aria-required=\"true\" aria-invalid=\"false\" value=\"\" type=\"text\" name=\"azienda\" \/><\/span>\n    <\/label>\n  <\/div>\n<\/div>\n\n<div class=\"uacf7-row\">\n  <div class=\"uacf7-col-6\">\n    <label>* Correo electr\u00f3nico<br>\n      <span class=\"wpcf7-form-control-wrap\" data-name=\"email\"><input size=\"40\" maxlength=\"400\" class=\"wpcf7-form-control wpcf7-email wpcf7-validates-as-required wpcf7-text wpcf7-validates-as-email\" aria-required=\"true\" aria-invalid=\"false\" value=\"\" type=\"email\" name=\"email\" \/><\/span>\n    <\/label>\n  <\/div>\n<\/div>\n\n<span class=\"wpcf7-form-control-wrap\" data-name=\"privacy\"><span class=\"wpcf7-form-control wpcf7-acceptance\"><span class=\"wpcf7-list-item\"><label><input type=\"checkbox\" name=\"privacy\" value=\"1\" aria-invalid=\"false\" \/><span class=\"wpcf7-list-item-label\">Confirmo que he le\u00eddo la <a href=\"https:\/\/www.iubenda.com\/privacy-policy\/81565102\" target=\"_blank\" class=\"iubenda-nostyle no-brand iubenda-embed\" style=\"color:#c90c0f; text-decoration:underline;\">Privacy Policy<\/a> y doy mi consentimiento para el tratamiento de mis datos personales.<\/span><\/label><\/span><\/span><\/span>\n<input class=\"wpcf7-form-control wpcf7-submit has-spinner\" type=\"submit\" value=\"ENV\u00cdA TU SOLICITUD\" \/><\/div><\/div><div class=\"fusion-alert alert custom alert-custom fusion-alert-center wpcf7-response-output fusion-alert-capitalize awb-alert-native-link-color alert-dismissable awb-alert-close-boxed\" style=\"--awb-border-size:1px;--awb-border-top-left-radius:0px;--awb-border-top-right-radius:0px;--awb-border-bottom-left-radius:0px;--awb-border-bottom-right-radius:0px;\" role=\"alert\"><div class=\"fusion-alert-content-wrapper\"><span class=\"fusion-alert-content\"><\/span><\/div><button type=\"button\" class=\"close toggle-alert\" data-dismiss=\"alert\" aria-label=\"Close\">&times;<\/button><\/div>\n<\/form>\n<\/div>\n<\/div><\/div><\/div><\/div><\/p>\n","protected":false},"excerpt":{"rendered":"","protected":false},"author":2,"featured_media":0,"parent":0,"menu_order":0,"comment_status":"closed","ping_status":"closed","template":"","meta":{"footnotes":""},"class_list":["post-11582","page","type-page","status-publish","hentry"],"yoast_head":"<!-- This site is optimized with the Yoast SEO plugin v24.5 - https:\/\/yoast.com\/wordpress\/plugins\/seo\/ -->\n<title>Noticias y Eventos - PF Stile<\/title>\n<meta name=\"description\" content=\"Descubre las \u00faltimas noticias, proyectos e inspiraci\u00f3n del mundo de PF Stile. Dise\u00f1o de mobiliario contract entre elegancia, innovaci\u00f3n y estilo italiano.\" \/>\n<meta name=\"robots\" content=\"index, follow, max-snippet:-1, max-image-preview:large, max-video-preview:-1\" \/>\n<link rel=\"canonical\" href=\"https:\/\/pfstile.it\/es\/noticias-y-eventos\/\" \/>\n<meta property=\"og:locale\" content=\"es_ES\" \/>\n<meta property=\"og:type\" content=\"article\" \/>\n<meta property=\"og:title\" content=\"Noticias y Eventos - PF Stile\" \/>\n<meta property=\"og:description\" content=\"Descubre las \u00faltimas noticias, proyectos e inspiraci\u00f3n del mundo de PF Stile. Dise\u00f1o de mobiliario contract entre elegancia, innovaci\u00f3n y estilo italiano.\" \/>\n<meta property=\"og:url\" content=\"https:\/\/pfstile.it\/es\/noticias-y-eventos\/\" \/>\n<meta property=\"og:site_name\" content=\"PF Stile\" \/>\n<meta property=\"article:publisher\" content=\"https:\/\/www.facebook.com\/PFSTILE\" \/>\n<meta property=\"article:modified_time\" content=\"2025-11-19T21:42:30+00:00\" \/>\n<meta name=\"twitter:card\" content=\"summary_large_image\" \/>\n<meta name=\"twitter:label1\" content=\"Tiempo de lectura\" \/>\n\t<meta name=\"twitter:data1\" content=\"2 minutos\" \/>\n<script type=\"application\/ld+json\" class=\"yoast-schema-graph\">{\"@context\":\"https:\/\/schema.org\",\"@graph\":[{\"@type\":\"WebPage\",\"@id\":\"https:\/\/pfstile.it\/es\/noticias-y-eventos\/\",\"url\":\"https:\/\/pfstile.it\/es\/noticias-y-eventos\/\",\"name\":\"Noticias y Eventos - PF Stile\",\"isPartOf\":{\"@id\":\"https:\/\/pfstile.it\/es\/#website\"},\"datePublished\":\"2025-05-08T20:13:51+00:00\",\"dateModified\":\"2025-11-19T21:42:30+00:00\",\"description\":\"Descubre las \u00faltimas noticias, proyectos e inspiraci\u00f3n del mundo de PF Stile. Dise\u00f1o de mobiliario contract entre elegancia, innovaci\u00f3n y estilo italiano.\",\"breadcrumb\":{\"@id\":\"https:\/\/pfstile.it\/es\/noticias-y-eventos\/#breadcrumb\"},\"inLanguage\":\"es\",\"potentialAction\":[{\"@type\":\"ReadAction\",\"target\":[\"https:\/\/pfstile.it\/es\/noticias-y-eventos\/\"]}]},{\"@type\":\"BreadcrumbList\",\"@id\":\"https:\/\/pfstile.it\/es\/noticias-y-eventos\/#breadcrumb\",\"itemListElement\":[{\"@type\":\"ListItem\",\"position\":1,\"name\":\"Home\",\"item\":\"https:\/\/pfstile.it\/es\/\"},{\"@type\":\"ListItem\",\"position\":2,\"name\":\"Noticias y Eventos\"}]},{\"@type\":\"WebSite\",\"@id\":\"https:\/\/pfstile.it\/es\/#website\",\"url\":\"https:\/\/pfstile.it\/es\/\",\"name\":\"PF Stile\",\"description\":\"\",\"publisher\":{\"@id\":\"https:\/\/pfstile.it\/es\/#organization\"},\"potentialAction\":[{\"@type\":\"SearchAction\",\"target\":{\"@type\":\"EntryPoint\",\"urlTemplate\":\"https:\/\/pfstile.it\/es\/?s={search_term_string}\"},\"query-input\":{\"@type\":\"PropertyValueSpecification\",\"valueRequired\":true,\"valueName\":\"search_term_string\"}}],\"inLanguage\":\"es\"},{\"@type\":\"Organization\",\"@id\":\"https:\/\/pfstile.it\/es\/#organization\",\"name\":\"PF Stile\",\"url\":\"https:\/\/pfstile.it\/es\/\",\"logo\":{\"@type\":\"ImageObject\",\"inLanguage\":\"es\",\"@id\":\"https:\/\/pfstile.it\/es\/#\/schema\/logo\/image\/\",\"url\":\"https:\/\/pfstile.it\/wp-content\/uploads\/2024\/02\/Logo-PF-Stile-nero.svg\",\"contentUrl\":\"https:\/\/pfstile.it\/wp-content\/uploads\/2024\/02\/Logo-PF-Stile-nero.svg\",\"width\":280,\"height\":80,\"caption\":\"PF Stile\"},\"image\":{\"@id\":\"https:\/\/pfstile.it\/es\/#\/schema\/logo\/image\/\"},\"sameAs\":[\"https:\/\/www.facebook.com\/PFSTILE\",\"https:\/\/www.instagram.com\/pfstile_\/\",\"https:\/\/www.linkedin.com\/company\/pf-stile-srl\/\",\"https:\/\/it.pinterest.com\/pfstile\/\"]}]}<\/script>\n<!-- \/ Yoast SEO plugin. -->","yoast_head_json":{"title":"Noticias y Eventos - PF Stile","description":"Descubre las \u00faltimas noticias, proyectos e inspiraci\u00f3n del mundo de PF Stile. Dise\u00f1o de mobiliario contract entre elegancia, innovaci\u00f3n y estilo italiano.","robots":{"index":"index","follow":"follow","max-snippet":"max-snippet:-1","max-image-preview":"max-image-preview:large","max-video-preview":"max-video-preview:-1"},"canonical":"https:\/\/pfstile.it\/es\/noticias-y-eventos\/","og_locale":"es_ES","og_type":"article","og_title":"Noticias y Eventos - PF Stile","og_description":"Descubre las \u00faltimas noticias, proyectos e inspiraci\u00f3n del mundo de PF Stile. Dise\u00f1o de mobiliario contract entre elegancia, innovaci\u00f3n y estilo italiano.","og_url":"https:\/\/pfstile.it\/es\/noticias-y-eventos\/","og_site_name":"PF Stile","article_publisher":"https:\/\/www.facebook.com\/PFSTILE","article_modified_time":"2025-11-19T21:42:30+00:00","twitter_card":"summary_large_image","twitter_misc":{"Tiempo de lectura":"2 minutos"},"schema":{"@context":"https:\/\/schema.org","@graph":[{"@type":"WebPage","@id":"https:\/\/pfstile.it\/es\/noticias-y-eventos\/","url":"https:\/\/pfstile.it\/es\/noticias-y-eventos\/","name":"Noticias y Eventos - PF Stile","isPartOf":{"@id":"https:\/\/pfstile.it\/es\/#website"},"datePublished":"2025-05-08T20:13:51+00:00","dateModified":"2025-11-19T21:42:30+00:00","description":"Descubre las \u00faltimas noticias, proyectos e inspiraci\u00f3n del mundo de PF Stile. Dise\u00f1o de mobiliario contract entre elegancia, innovaci\u00f3n y estilo italiano.","breadcrumb":{"@id":"https:\/\/pfstile.it\/es\/noticias-y-eventos\/#breadcrumb"},"inLanguage":"es","potentialAction":[{"@type":"ReadAction","target":["https:\/\/pfstile.it\/es\/noticias-y-eventos\/"]}]},{"@type":"BreadcrumbList","@id":"https:\/\/pfstile.it\/es\/noticias-y-eventos\/#breadcrumb","itemListElement":[{"@type":"ListItem","position":1,"name":"Home","item":"https:\/\/pfstile.it\/es\/"},{"@type":"ListItem","position":2,"name":"Noticias y Eventos"}]},{"@type":"WebSite","@id":"https:\/\/pfstile.it\/es\/#website","url":"https:\/\/pfstile.it\/es\/","name":"PF Stile","description":"","publisher":{"@id":"https:\/\/pfstile.it\/es\/#organization"},"potentialAction":[{"@type":"SearchAction","target":{"@type":"EntryPoint","urlTemplate":"https:\/\/pfstile.it\/es\/?s={search_term_string}"},"query-input":{"@type":"PropertyValueSpecification","valueRequired":true,"valueName":"search_term_string"}}],"inLanguage":"es"},{"@type":"Organization","@id":"https:\/\/pfstile.it\/es\/#organization","name":"PF Stile","url":"https:\/\/pfstile.it\/es\/","logo":{"@type":"ImageObject","inLanguage":"es","@id":"https:\/\/pfstile.it\/es\/#\/schema\/logo\/image\/","url":"https:\/\/pfstile.it\/wp-content\/uploads\/2024\/02\/Logo-PF-Stile-nero.svg","contentUrl":"https:\/\/pfstile.it\/wp-content\/uploads\/2024\/02\/Logo-PF-Stile-nero.svg","width":280,"height":80,"caption":"PF Stile"},"image":{"@id":"https:\/\/pfstile.it\/es\/#\/schema\/logo\/image\/"},"sameAs":["https:\/\/www.facebook.com\/PFSTILE","https:\/\/www.instagram.com\/pfstile_\/","https:\/\/www.linkedin.com\/company\/pf-stile-srl\/","https:\/\/it.pinterest.com\/pfstile\/"]}]}},"_links":{"self":[{"href":"https:\/\/pfstile.it\/es\/wp-json\/wp\/v2\/pages\/11582","targetHints":{"allow":["GET"]}}],"collection":[{"href":"https:\/\/pfstile.it\/es\/wp-json\/wp\/v2\/pages"}],"about":[{"href":"https:\/\/pfstile.it\/es\/wp-json\/wp\/v2\/types\/page"}],"author":[{"embeddable":true,"href":"https:\/\/pfstile.it\/es\/wp-json\/wp\/v2\/users\/2"}],"replies":[{"embeddable":true,"href":"https:\/\/pfstile.it\/es\/wp-json\/wp\/v2\/comments?post=11582"}],"version-history":[{"count":13,"href":"https:\/\/pfstile.it\/es\/wp-json\/wp\/v2\/pages\/11582\/revisions"}],"predecessor-version":[{"id":12936,"href":"https:\/\/pfstile.it\/es\/wp-json\/wp\/v2\/pages\/11582\/revisions\/12936"}],"wp:attachment":[{"href":"https:\/\/pfstile.it\/es\/wp-json\/wp\/v2\/media?parent=11582"}],"curies":[{"name":"wp","href":"https:\/\/api.w.org\/{rel}","templated":true}]}}